{"id":85,"date":"2017-09-05T14:37:17","date_gmt":"2017-09-05T14:37:17","guid":{"rendered":"https:\/\/watchdog.md\/?page_id=85"},"modified":"2023-06-20T08:24:15","modified_gmt":"2023-06-20T05:24:15","slug":"home","status":"publish","type":"page","link":"https:\/\/watchdog.md\/en\/","title":{"rendered":"HOME"},"content":{"rendered":"<p>[et_pb_section fb_built=&#8221;1&#8243; fullwidth=&#8221;on&#8221; _builder_version=&#8221;4.16&#8243; custom_padding=&#8221;0px|0px|50px|0px&#8221; global_colors_info=&#8221;{}&#8221;][et_pb_fullwidth_post_slider posts_number=&#8221;5&#8243; include_categories=&#8221;45&#8243; show_more_button=&#8221;off&#8221; use_manual_excerpt=&#8221;off&#8221; excerpt_length=&#8221;0&#8243; show_meta=&#8221;off&#8221; bg_overlay_color=&#8221;rgba(0,0,0,0.49)&#8221; use_text_overlay=&#8221;off&#8221; admin_label=&#8221;Glisant Postare pe toat\u0103 L\u0103\u021bimea&#8221; _builder_version=&#8221;4.20.2&#8243; header_font=&#8221;Open Sans|700|||||||&#8221; header_text_color=&#8221;#ffffff&#8221; body_font=&#8221;Open Sans Light||||&#8221; body_text_color=&#8221;#ffffff&#8221; background_color=&#8221;rgba(252,252,252,0.06)&#8221; background_color_gradient_start=&#8221;#ffffff&#8221; background_color_gradient_end=&#8221;#6d6d6d&#8221; custom_padding=&#8221;|||&#8221; auto=&#8221;on&#8221; header_text_shadow_style=&#8221;preset3&#8243; header_text_shadow_blur_strength=&#8221;1.01em&#8221; box_shadow_style=&#8221;preset6&#8243; box_shadow_blur=&#8221;10px&#8221; box_shadow_color=&#8221;rgba(0,0,0,0.1)&#8221; text_shadow_style=&#8221;preset3&#8243; text_shadow_blur_strength=&#8221;0.7em&#8221; show_inner_shadow=&#8221;on&#8221; global_colors_info=&#8221;{}&#8221; button_text_size__hover_enabled=&#8221;off&#8221; button_one_text_size__hover_enabled=&#8221;off&#8221; button_two_text_size__hover_enabled=&#8221;off&#8221; button_text_color__hover_enabled=&#8221;off&#8221; button_one_text_color__hover_enabled=&#8221;off&#8221; button_two_text_color__hover_enabled=&#8221;off&#8221; button_border_width__hover_enabled=&#8221;off&#8221; button_one_border_width__hover_enabled=&#8221;off&#8221; button_two_border_width__hover_enabled=&#8221;off&#8221; button_border_color__hover_enabled=&#8221;off&#8221; button_one_border_color__hover_enabled=&#8221;off&#8221; button_two_border_color__hover_enabled=&#8221;off&#8221; button_border_radius__hover_enabled=&#8221;off&#8221; button_one_border_radius__hover_enabled=&#8221;off&#8221; button_two_border_radius__hover_enabled=&#8221;off&#8221; button_letter_spacing__hover_enabled=&#8221;off&#8221; button_one_letter_spacing__hover_enabled=&#8221;off&#8221; button_two_letter_spacing__hover_enabled=&#8221;off&#8221; button_bg_color__hover_enabled=&#8221;off&#8221; button_one_bg_color__hover_enabled=&#8221;off&#8221; button_two_bg_color__hover_enabled=&#8221;off&#8221;][\/et_pb_fullwidth_post_slider][\/et_pb_section][et_pb_section fb_built=&#8221;1&#8243; inner_shadow=&#8221;on&#8221; module_id=&#8221;DESPRE&#8221; _builder_version=&#8221;4.20.2&#8243; background_color=&#8221;rgba(255,255,255,0.38)&#8221; width=&#8221;100%&#8221; max_width=&#8221;100%&#8221; module_alignment=&#8221;center&#8221; custom_margin=&#8221;7px|auto|14px|auto|false|false&#8221; custom_padding=&#8221;|0px||0px|false|false&#8221; global_colors_info=&#8221;{}&#8221;][et_pb_row _builder_version=&#8221;4.20.2&#8243; custom_padding=&#8221;0px|0px|0px|0px&#8221; global_colors_info=&#8221;{}&#8221;][et_pb_column type=&#8221;4_4&#8243; _builder_version=&#8221;4.16&#8243; custom_padding=&#8221;|||&#8221; global_colors_info=&#8221;{}&#8221; custom_padding__hover=&#8221;|||&#8221;][et_pb_text _builder_version=&#8221;4.20.2&#8243; global_colors_info=&#8221;{}&#8221;]<\/p>\n<p style=\"text-align: justify;\"><img decoding=\"async\" class=\"aligncenter wp-image-92\" src=\"https:\/\/watchdog.md\/wp-content\/uploads\/2017\/09\/watchdog.md-svg-logo-01.svg\" alt=\"\" width=\"90\" \/><\/p>\n<blockquote>\n<p><br \/>WatchDog.md represents a think-tank civil society community from the Republic of Moldova. The community brings together experts in various fields of major importance, people with experience and qualifications to develop, analyze or evaluate sectoral public policies in the Republic of Moldova. The objectives of the organization are to increase the role of civil society in the process of drawing up and approving public policies and providing correct and comprehensive information to the general public and interested institutions regarding the actual situation in the Republic of Moldova in important areas: economy, public finances, democracy, electoral processes, human rights And so on Our goal is to contribute to the formation of an environment favorable to the democratic development of the Republic of Moldova.<br \/><\/p>\n<\/blockquote>\n<p>[\/et_pb_text][\/et_pb_column][\/et_pb_row][\/et_pb_section][et_pb_section fb_built=&#8221;1&#8243; _builder_version=&#8221;4.20.2&#8243; _module_preset=&#8221;default&#8221; global_colors_info=&#8221;{}&#8221;][et_pb_row make_equal=&#8221;on&#8221; _builder_version=&#8221;4.20.2&#8243; _module_preset=&#8221;default&#8221; width=&#8221;100%&#8221; max_width=&#8221;1340px&#8221; global_colors_info=&#8221;{}&#8221;][et_pb_column type=&#8221;4_4&#8243; _builder_version=&#8221;4.20.2&#8243; _module_preset=&#8221;default&#8221; global_colors_info=&#8221;{}&#8221;][et_pb_text _builder_version=&#8221;4.20.2&#8243; _module_preset=&#8221;default&#8221; global_colors_info=&#8221;{}&#8221;]<\/p>\n<p><\/p>\n<h1 style=\"text-align: center;\">Studies<\/h1>\n<p><\/p>\n<p>[\/et_pb_text][et_pb_blog fullwidth=&#8221;off&#8221; posts_number=&#8221;3&#8243; include_categories=&#8221;9&#8243; use_manual_excerpt=&#8221;off&#8221; excerpt_length=&#8221;0&#8243; show_author=&#8221;off&#8221; show_categories=&#8221;off&#8221; show_excerpt=&#8221;off&#8221; show_pagination=&#8221;off&#8221; use_overlay=&#8221;on&#8221; overlay_icon_color=&#8221;rgba(0,0,0,0)&#8221; hover_overlay_color=&#8221;rgba(81,92,100,0.45)&#8221; hover_icon=&#8221;&#x4a;||divi||400&#8243; masonry_tile_background_color=&#8221;rgba(255,255,255,0.08)&#8221; admin_label=&#8221;STUDII&#8221; module_class=&#8221;modulblog&#8221; _builder_version=&#8221;4.20.2&#8243; header_font=&#8221;Open Sans Light||||&#8221; header_text_color=&#8221;#000000&#8243; header_font_size=&#8221;21px&#8221; body_font=&#8221;Open Sans Light||||&#8221; body_text_color=&#8221;#000000&#8243; body_font_size=&#8221;16&#8243; meta_font=&#8221;Open Sans Light||||&#8221; hover_enabled=&#8221;0&#8243; pagination_font_size_tablet=&#8221;51&#8243; pagination_line_height_tablet=&#8221;2&#8243; border_width_all=&#8221;1px&#8221; border_color_all=&#8221;#b7b7b7&#8243; border_style_all=&#8221;dashed&#8221; border_width_all_fullwidth=&#8221;1px&#8221; border_color_all_fullwidth=&#8221;#b7b7b7&#8243; border_style_all_fullwidth=&#8221;dashed&#8221; box_shadow_style=&#8221;preset1&#8243; box_shadow_vertical=&#8221;1px&#8221; box_shadow_blur=&#8221;5px&#8221; box_shadow_color=&#8221;rgba(0,0,0,.1)&#8221; box_shadow_style_image=&#8221;preset1&#8243; use_border_color=&#8221;on&#8221; border_color=&#8221;#b7b7b7&#8243; border_style=&#8221;dashed&#8221; use_dropshadow=&#8221;on&#8221; global_colors_info=&#8221;{}&#8221; header_line_height=&#8221;1.5em&#8221; sticky_enabled=&#8221;0&#8243;][\/et_pb_blog][et_pb_text _builder_version=&#8221;4.20.2&#8243; _dynamic_attributes=&#8221;link_option_url&#8221; _module_preset=&#8221;default&#8221; text_font=&#8221;|700|||||||&#8221; text_text_color=&#8221;#FFFFFF&#8221; link_text_align=&#8221;center&#8221; header_text_align=&#8221;center&#8221; header_3_font=&#8221;|700|||||||&#8221; header_3_text_align=&#8221;center&#8221; header_3_text_color=&#8221;#FFFFFF&#8221; background_color=&#8221;#af2c26&#8243; use_background_color_gradient=&#8221;on&#8221; background_color_gradient_stops=&#8221;#af2c26 0%|#af2c26 100%&#8221; text_orientation=&#8221;center&#8221; background_layout=&#8221;dark&#8221; width=&#8221;300px&#8221; module_alignment=&#8221;center&#8221; custom_padding=&#8221;5px||||false|false&#8221; animation_style=&#8221;fade&#8221; link_option_url=&#8221;@ET-DC@eyJkeW5hbWljIjp0cnVlLCJjb250ZW50IjoicG9zdF9saW5rX3VybF9wYWdlIiwic2V0dGluZ3MiOnsicG9zdF9pZCI6IjM0MzQifX0=@&#8221; border_radii=&#8221;on|5px|5px|5px|5px&#8221; border_width_all=&#8221;1px&#8221; border_color_all=&#8221;#E02B20&#8243; box_shadow_style=&#8221;preset3&#8243; global_colors_info=&#8221;{}&#8221;]<\/p>\n<h3 style=\"text-align: center;\">See all studies<\/h3>\n<p>[\/et_pb_text][\/et_pb_column][\/et_pb_row][\/et_pb_section][et_pb_section fb_built=&#8221;1&#8243; _builder_version=&#8221;4.20.2&#8243; background_color=&#8221;#af2c26&#8243; custom_margin=&#8221;0px|0px|0px|0px|true|true&#8221; custom_padding=&#8221;0px|0px|0px|0px&#8221; global_colors_info=&#8221;{}&#8221;][et_pb_row module_class=&#8221; et_pb_row_fullwidth&#8221; _builder_version=&#8221;4.20.2&#8243; background_size=&#8221;initial&#8221; background_position=&#8221;top_left&#8221; background_repeat=&#8221;repeat&#8221; width=&#8221;100%&#8221; width_tablet=&#8221;80%&#8221; width_phone=&#8221;80%&#8221; width_last_edited=&#8221;on|desktop&#8221; max_width=&#8221;1340px&#8221; max_width_tablet=&#8221;80%&#8221; max_width_phone=&#8221;80%&#8221; max_width_last_edited=&#8221;on|desktop&#8221; module_alignment=&#8221;center&#8221; custom_padding=&#8221;21px|0px|0px|0px|false|false&#8221; make_fullwidth=&#8221;on&#8221; global_colors_info=&#8221;{}&#8221;][et_pb_column type=&#8221;4_4&#8243; _builder_version=&#8221;4.20.2&#8243; custom_padding=&#8221;0px|0px|0px|0px|false|false&#8221; global_colors_info=&#8221;{}&#8221; custom_padding__hover=&#8221;|||&#8221;][et_pb_text module_class=&#8221;h1multimedia&#8221; _builder_version=&#8221;4.20.2&#8243; _module_preset=&#8221;default&#8221; header_text_align=&#8221;center&#8221; header_text_color=&#8221;#FFFFFF&#8221; text_orientation=&#8221;center&#8221; width=&#8221;100%&#8221; module_alignment=&#8221;center&#8221; custom_margin=&#8221;0px|0px|0px|0px|true|true&#8221; custom_padding=&#8221;0px|0px|0px|0px|true|true&#8221; border_color_all=&#8221;RGBA(255,255,255,0)&#8221; global_colors_info=&#8221;{}&#8221;]<\/p>\n<h1>Multimedia<\/h1>\n<p>\t\t\t<div \n\t\t\tclass=\"yotu-playlist yotuwp yotu-limit-min   yotu-thumb-169  yotu-template-grid\" \n\t\t\tdata-page=\"1\"\n\t\t\tid=\"yotuwp-69dad4c5556d8\"\n\t\t\tdata-yotu=\"modal\"\n\t\t\tdata-total=\"93\"\n\t\t\tdata-settings=\"eyJ0eXBlIjoicGxheWxpc3QiLCJpZCI6IlVVbURXZFp6OW02OTU4X05LV0pWWWJfQSIsInBhZ2luYXRpb24iOiJvbiIsInBhZ2l0eXBlIjoicGFnZXIiLCJjb2x1bW4iOiIzIiwicGVyX3BhZ2UiOiI2IiwidGVtcGxhdGUiOiJncmlkIiwidGl0bGUiOiJvbiIsImRlc2NyaXB0aW9uIjoib24iLCJ0aHVtYnJhdGlvIjoiMTY5IiwibWV0YSI6Im9mZiIsIm1ldGFfZGF0YSI6Im9mZiIsIm1ldGFfcG9zaXRpb24iOiJvZmYiLCJkYXRlX2Zvcm1hdCI6Im9mZiIsIm1ldGFfYWxpZ24iOiJvZmYiLCJzdWJzY3JpYmUiOiJvZmYiLCJkdXJhdGlvbiI6Im9mZiIsIm1ldGFfaWNvbiI6Im9mZiIsIm5leHR0ZXh0IjoiIiwicHJldnRleHQiOiIiLCJsb2FkbW9yZXRleHQiOiIiLCJwbGF5ZXIiOnsibW9kZSI6InBvcHVwIiwid2lkdGgiOiI2MDAiLCJzY3JvbGxpbmciOiIxMDAiLCJhdXRvcGxheSI6MCwiY29udHJvbHMiOjEsIm1vZGVzdGJyYW5kaW5nIjoxLCJsb29wIjowLCJhdXRvbmV4dCI6MCwic2hvd2luZm8iOjEsInJlbCI6MSwicGxheWluZyI6MSwicGxheWluZ19kZXNjcmlwdGlvbiI6MCwidGh1bWJuYWlscyI6MSwiY2NfbG9hZF9wb2xpY3kiOiIxIiwiY2NfbGFuZ19wcmVmIjoiMSIsImhsIjoicm8iLCJpdl9sb2FkX3BvbGljeSI6IjEifSwibGFzdF90YWIiOiJzZXR0aW5ncyIsInVzZV9hc19tb2RhbCI6Im9mZiIsIm1vZGFsX2lkIjoib2ZmIiwibGFzdF91cGRhdGUiOiIxNzQzMjU2OTkzIiwic3R5bGluZyI6eyJwYWdlcl9sYXlvdXQiOiJib3Roc2lkZSIsImJ1dHRvbiI6IjQiLCJidXR0b25fY29sb3IiOiIjMzMzMzMzIiwiYnV0dG9uX2JnX2NvbG9yIjoiI2ZmZmZmZiIsImJ1dHRvbl9jb2xvcl9ob3ZlciI6IiIsImJ1dHRvbl9iZ19jb2xvcl9ob3ZlciI6IiIsInZpZGVvX3N0eWxlIjoiYWJuYiIsInBsYXlpY29uX2NvbG9yIjoiIiwiaG92ZXJfaWNvbiI6IiIsImdhbGxlcnlfYmciOiIifSwiZWZmZWN0cyI6eyJ2aWRlb19ib3giOiJ5dGVmLWdyb3ciLCJmbGlwX2VmZmVjdCI6IiJ9LCJnYWxsZXJ5X2lkIjoiNjlkYWQ0YzU1NTZkOCIsIm5leHQiOiJFQUFhSGxCVU9rTkJXV2xGUlUxNlRtcFpNRTVxWjNkUFJGSkdUVlZPUjA1VVVRIiwicHJldiI6IiJ9\"\n\t\t\tdata-player=\"popup\"\n\t\t\tdata-showdesc=\"on\" >\n\t\t\t\t<div>\n\t\t\t\t\t<div class=\"yotu-pagination yotu-pager_layout-bothside yotu-pagination-top\">\n<a href=\"#\" class=\"yotu-pagination-prev yotu-button-prs yotu-button-prs-4\" data-page=\"prev\">Prev<\/a>\n<span class=\"yotu-pagination-current\">1<\/span> <span>of<\/span> <span class=\"yotu-pagination-total\">93<\/span>\n<a href=\"#\" class=\"yotu-pagination-next yotu-button-prs yotu-button-prs-4\" data-page=\"next\">Next<\/a>\n<\/div>\n<div class=\"yotu-videos yotu-mode-grid yotu-preset yotu-preset-abnb yotu-column-3 yotu-player-mode-popup\">\n\t<ul>\n\t\t\t\t\t<li class=\" yotu-first\">\n\t\t\t\t\t\t\t\t<a href=\"#ZmdLNZfGAb4\" class=\"yotu-video ytef-grow\" data-videoid=\"ZmdLNZfGAb4\" data-title=\"Ceban cu sfoara de Moscova. Trump vs Musk \ud83e\udd21. Criza \u00een Transnistria. T\u0103r\u0103boi Podcast\" title=\"Ceban cu sfoara de Moscova. Trump vs Musk \ud83e\udd21. Criza \u00een Transnistria. T\u0103r\u0103boi Podcast\">\n\t\t\t\t\t<div class=\"yotu-video-thumb-wrp\">\n\t\t\t\t\t\t<div>\n\t\t\t\t\t\t\t\t\t\t\t\t\t\t<img data-recalc-dims=\"1\" decoding=\"async\" class=\"yotu-video-thumb\" src=\"https:\/\/i0.wp.com\/i.ytimg.com\/vi\/ZmdLNZfGAb4\/sddefault.jpg?w=1080&#038;ssl=1\" alt=\"Ceban cu sfoara de Moscova. Trump vs Musk \ud83e\udd21. Criza \u00een Transnistria. T\u0103r\u0103boi Podcast\">\t\n\t\t\t\t\t\t\t\t\t\t\t\t\t<\/div>\n\t\t\t\t\t<\/div>\n\t\t\t\t\t\t\t\t\t\t\t<h3 class=\"yotu-video-title\">Ceban cu sfoara de Moscova. Trump vs Musk \ud83e\udd21. Criza \u00een Transnistria. T\u0103r\u0103boi Podcast<\/h3>\n\t\t\t\t\t\t\t\t\t\t\t\t\t\t\t\t\t\t\t\t\t<div class=\"yotu-video-description\"><\/div>\n\t\t\t\t\t\t\t\t\t<\/a>\n\t\t\t\t\t\t\t<\/li>\n\t\t\t\t\n\t\t\t\t\t\t<li class=\"\">\n\t\t\t\t\t\t\t\t<a href=\"#hLwCV5gJ6b8\" class=\"yotu-video ytef-grow\" data-videoid=\"hLwCV5gJ6b8\" data-title=\"Cine sunt de fapt, suverani\u0219tii oportuni\u0219ti din Moldova?\" title=\"Cine sunt de fapt, suverani\u0219tii oportuni\u0219ti din Moldova?\">\n\t\t\t\t\t<div class=\"yotu-video-thumb-wrp\">\n\t\t\t\t\t\t<div>\n\t\t\t\t\t\t\t\t\t\t\t\t\t\t<img data-recalc-dims=\"1\" decoding=\"async\" class=\"yotu-video-thumb\" src=\"https:\/\/i0.wp.com\/i.ytimg.com\/vi\/hLwCV5gJ6b8\/sddefault.jpg?w=1080&#038;ssl=1\" alt=\"Cine sunt de fapt, suverani\u0219tii oportuni\u0219ti din Moldova?\">\t\n\t\t\t\t\t\t\t\t\t\t\t\t\t<\/div>\n\t\t\t\t\t<\/div>\n\t\t\t\t\t\t\t\t\t\t\t<h3 class=\"yotu-video-title\">Cine sunt de fapt, suverani\u0219tii oportuni\u0219ti din Moldova?<\/h3>\n\t\t\t\t\t\t\t\t\t\t\t\t\t\t\t\t\t\t\t\t\t<div class=\"yotu-video-description\"><\/div>\n\t\t\t\t\t\t\t\t\t<\/a>\n\t\t\t\t\t\t\t<\/li>\n\t\t\t\t\n\t\t\t\t\t\t<li class=\"\">\n\t\t\t\t\t\t\t\t<a href=\"#LYLs1UWBioE\" class=\"yotu-video ytef-grow\" data-videoid=\"LYLs1UWBioE\" data-title=\"PSRM VREA VOTURI DIN TRANSNISTRIA. RENATO SE DISTREAZ\u0102. VIA\u021aA RU\u0218ILOR SE SCUMPE\u0218TE. Podcast T\u0103r\u0103boi.\" title=\"PSRM VREA VOTURI DIN TRANSNISTRIA. RENATO SE DISTREAZ\u0102. VIA\u021aA RU\u0218ILOR SE SCUMPE\u0218TE. Podcast T\u0103r\u0103boi.\">\n\t\t\t\t\t<div class=\"yotu-video-thumb-wrp\">\n\t\t\t\t\t\t<div>\n\t\t\t\t\t\t\t\t\t\t\t\t\t\t<img data-recalc-dims=\"1\" decoding=\"async\" class=\"yotu-video-thumb\" src=\"https:\/\/i0.wp.com\/i.ytimg.com\/vi\/LYLs1UWBioE\/sddefault.jpg?w=1080&#038;ssl=1\" alt=\"PSRM VREA VOTURI DIN TRANSNISTRIA. RENATO SE DISTREAZ\u0102. VIA\u021aA RU\u0218ILOR SE SCUMPE\u0218TE. Podcast T\u0103r\u0103boi.\">\t\n\t\t\t\t\t\t\t\t\t\t\t\t\t<\/div>\n\t\t\t\t\t<\/div>\n\t\t\t\t\t\t\t\t\t\t\t<h3 class=\"yotu-video-title\">PSRM VREA VOTURI DIN TRANSNISTRIA. RENATO SE DISTREAZ\u0102. VIA\u021aA RU\u0218ILOR SE SCUMPE\u0218TE. Podcast T\u0103r\u0103boi.<\/h3>\n\t\t\t\t\t\t\t\t\t\t\t\t\t\t\t\t\t\t\t\t\t<div class=\"yotu-video-description\"><\/div>\n\t\t\t\t\t\t\t\t\t<\/a>\n\t\t\t\t\t\t\t<\/li>\n\t\t\t\t\n\t\t\t\t\t\t<li class=\"\">\n\t\t\t\t\t\t\t\t<a href=\"#4NFDp3haKsk\" class=\"yotu-video ytef-grow\" data-videoid=\"4NFDp3haKsk\" data-title=\"S-a culcat colhoznic \u0219i s-a trezit spion rom\u00e2n\" title=\"S-a culcat colhoznic \u0219i s-a trezit spion rom\u00e2n\">\n\t\t\t\t\t<div class=\"yotu-video-thumb-wrp\">\n\t\t\t\t\t\t<div>\n\t\t\t\t\t\t\t\t\t\t\t\t\t\t<img data-recalc-dims=\"1\" decoding=\"async\" class=\"yotu-video-thumb\" src=\"https:\/\/i0.wp.com\/i.ytimg.com\/vi\/4NFDp3haKsk\/sddefault.jpg?w=1080&#038;ssl=1\" alt=\"S-a culcat colhoznic \u0219i s-a trezit spion rom\u00e2n\">\t\n\t\t\t\t\t\t\t\t\t\t\t\t\t<\/div>\n\t\t\t\t\t<\/div>\n\t\t\t\t\t\t\t\t\t\t\t<h3 class=\"yotu-video-title\">S-a culcat colhoznic \u0219i s-a trezit spion rom\u00e2n<\/h3>\n\t\t\t\t\t\t\t\t\t\t\t\t\t\t\t\t\t\t\t\t\t<div class=\"yotu-video-description\"><\/div>\n\t\t\t\t\t\t\t\t\t<\/a>\n\t\t\t\t\t\t\t<\/li>\n\t\t\t\t\n\t\t\t\t\t\t<li class=\"\">\n\t\t\t\t\t\t\t\t<a href=\"#RCDP1-hoYfc\" class=\"yotu-video ytef-grow\" data-videoid=\"RCDP1-hoYfc\" data-title=\"Gazul lui Putin cost\u0103: Orban bag\u0103 miliarde\" title=\"Gazul lui Putin cost\u0103: Orban bag\u0103 miliarde\">\n\t\t\t\t\t<div class=\"yotu-video-thumb-wrp\">\n\t\t\t\t\t\t<div>\n\t\t\t\t\t\t\t\t\t\t\t\t\t\t<img data-recalc-dims=\"1\" decoding=\"async\" class=\"yotu-video-thumb\" src=\"https:\/\/i0.wp.com\/i.ytimg.com\/vi\/RCDP1-hoYfc\/sddefault.jpg?w=1080&#038;ssl=1\" alt=\"Gazul lui Putin cost\u0103: Orban bag\u0103 miliarde\">\t\n\t\t\t\t\t\t\t\t\t\t\t\t\t<\/div>\n\t\t\t\t\t<\/div>\n\t\t\t\t\t\t\t\t\t\t\t<h3 class=\"yotu-video-title\">Gazul lui Putin cost\u0103: Orban bag\u0103 miliarde<\/h3>\n\t\t\t\t\t\t\t\t\t\t\t\t\t\t\t\t\t\t\t\t\t<div class=\"yotu-video-description\"><\/div>\n\t\t\t\t\t\t\t\t\t<\/a>\n\t\t\t\t\t\t\t<\/li>\n\t\t\t\t\n\t\t\t\t\t\t<li class=\" yotu-last\">\n\t\t\t\t\t\t\t\t<a href=\"#aPerTCJ67B8\" class=\"yotu-video ytef-grow\" data-videoid=\"aPerTCJ67B8\" data-title=\"Ru\u0219ii nu-\u0219i pot achita creditele  #podcastmoldova #taraboi #watchdogmd #rusia #credit #ipoteca\" title=\"Ru\u0219ii nu-\u0219i pot achita creditele  #podcastmoldova #taraboi #watchdogmd #rusia #credit #ipoteca\">\n\t\t\t\t\t<div class=\"yotu-video-thumb-wrp\">\n\t\t\t\t\t\t<div>\n\t\t\t\t\t\t\t\t\t\t\t\t\t\t<img data-recalc-dims=\"1\" decoding=\"async\" class=\"yotu-video-thumb\" src=\"https:\/\/i0.wp.com\/i.ytimg.com\/vi\/aPerTCJ67B8\/sddefault.jpg?w=1080&#038;ssl=1\" alt=\"Ru\u0219ii nu-\u0219i pot achita creditele  #podcastmoldova #taraboi #watchdogmd #rusia #credit #ipoteca\">\t\n\t\t\t\t\t\t\t\t\t\t\t\t\t<\/div>\n\t\t\t\t\t<\/div>\n\t\t\t\t\t\t\t\t\t\t\t<h3 class=\"yotu-video-title\">Ru\u0219ii nu-\u0219i pot achita creditele  #podcastmoldova #taraboi #watchdogmd #rusia #credit #ipoteca<\/h3>\n\t\t\t\t\t\t\t\t\t\t\t\t\t\t\t\t\t\t\t\t\t<div class=\"yotu-video-description\"><\/div>\n\t\t\t\t\t\t\t\t\t<\/a>\n\t\t\t\t\t\t\t<\/li>\n\t\t\t\t\n\t\t\t\t<\/ul>\n<\/div><div class=\"yotu-pagination yotu-pager_layout-bothside yotu-pagination-bottom\">\n<a href=\"#\" class=\"yotu-pagination-prev yotu-button-prs yotu-button-prs-4\" data-page=\"prev\">Prev<\/a>\n<span class=\"yotu-pagination-current\">1<\/span> <span>of<\/span> <span class=\"yotu-pagination-total\">93<\/span>\n<a href=\"#\" class=\"yotu-pagination-next yotu-button-prs yotu-button-prs-4\" data-page=\"next\">Next<\/a>\n<\/div>\n\t\t\t\t<\/div>\n\t\t\t<\/div>\n\t\t\t[\/et_pb_text][\/et_pb_column][\/et_pb_row][\/et_pb_section][et_pb_section fb_built=&#8221;1&#8243; _builder_version=&#8221;4.20.2&#8243; _module_preset=&#8221;default&#8221; global_colors_info=&#8221;{}&#8221;][et_pb_row _builder_version=&#8221;4.20.2&#8243; _module_preset=&#8221;default&#8221; width=&#8221;100%&#8221; max_width=&#8221;1340px&#8221; global_colors_info=&#8221;{}&#8221;][et_pb_column type=&#8221;4_4&#8243; _builder_version=&#8221;4.20.2&#8243; _module_preset=&#8221;default&#8221; global_colors_info=&#8221;{}&#8221;][et_pb_text _builder_version=&#8221;4.20.2&#8243; _module_preset=&#8221;default&#8221; global_colors_info=&#8221;{}&#8221;]<\/p>\n<p><\/p>\n<h1 style=\"text-align: center;\">Polls and Analyses<\/h1>\n<p><\/p>\n<p>[\/et_pb_text][et_pb_blog fullwidth=&#8221;off&#8221; posts_number=&#8221;3&#8243; include_categories=&#8221;41,43&#8243; use_manual_excerpt=&#8221;off&#8221; excerpt_length=&#8221;14&#8243; show_author=&#8221;off&#8221; show_categories=&#8221;off&#8221; show_excerpt=&#8221;off&#8221; show_pagination=&#8221;off&#8221; use_overlay=&#8221;on&#8221; overlay_icon_color=&#8221;rgba(0,0,0,0)&#8221; hover_overlay_color=&#8221;rgba(81,92,100,0.45)&#8221; hover_icon=&#8221;&#x4a;||divi||400&#8243; masonry_tile_background_color=&#8221;rgba(255,255,255,0.08)&#8221; admin_label=&#8221;Sondaje \u0219i analize&#8221; module_class=&#8221;modulblog&#8221; _builder_version=&#8221;4.20.2&#8243; header_font=&#8221;Open Sans Light||||&#8221; header_text_color=&#8221;#000000&#8243; header_font_size=&#8221;21px&#8221; body_font=&#8221;Open Sans Light||||&#8221; body_text_color=&#8221;#000000&#8243; body_font_size=&#8221;16&#8243; meta_font=&#8221;Open Sans Light||||&#8221; hover_enabled=&#8221;0&#8243; pagination_font_size_tablet=&#8221;51&#8243; pagination_line_height_tablet=&#8221;2&#8243; border_width_all=&#8221;1px&#8221; border_color_all=&#8221;#b7b7b7&#8243; border_style_all=&#8221;dashed&#8221; border_width_all_fullwidth=&#8221;1px&#8221; border_color_all_fullwidth=&#8221;#b7b7b7&#8243; border_style_all_fullwidth=&#8221;dashed&#8221; box_shadow_style=&#8221;preset1&#8243; box_shadow_vertical=&#8221;1px&#8221; box_shadow_blur=&#8221;5px&#8221; box_shadow_color=&#8221;rgba(0,0,0,.1)&#8221; box_shadow_style_image=&#8221;preset1&#8243; use_border_color=&#8221;on&#8221; border_color=&#8221;#b7b7b7&#8243; border_style=&#8221;dashed&#8221; use_dropshadow=&#8221;on&#8221; global_colors_info=&#8221;{}&#8221; header_line_height=&#8221;1.5em&#8221; sticky_enabled=&#8221;0&#8243;][\/et_pb_blog][et_pb_text _builder_version=&#8221;4.20.2&#8243; _dynamic_attributes=&#8221;link_option_url&#8221; _module_preset=&#8221;default&#8221; text_font=&#8221;|700|||||||&#8221; text_text_color=&#8221;#FFFFFF&#8221; text_font_size=&#8221;14px&#8221; link_text_align=&#8221;center&#8221; header_text_align=&#8221;center&#8221; header_3_font=&#8221;|700|||||||&#8221; header_3_text_align=&#8221;center&#8221; header_3_text_color=&#8221;#FFFFFF&#8221; header_3_font_size=&#8221;18px&#8221; background_color=&#8221;#af2c26&#8243; use_background_color_gradient=&#8221;on&#8221; background_color_gradient_stops=&#8221;#af2c26 0%|#af2c26 100%&#8221; text_orientation=&#8221;center&#8221; background_layout=&#8221;dark&#8221; width=&#8221;300px&#8221; module_alignment=&#8221;center&#8221; custom_padding=&#8221;5px||||false|false&#8221; animation_style=&#8221;fade&#8221; link_option_url=&#8221;@ET-DC@eyJkeW5hbWljIjp0cnVlLCJjb250ZW50IjoicG9zdF9saW5rX3VybF9wYWdlIiwic2V0dGluZ3MiOnsicG9zdF9pZCI6IjIwNjU3NiJ9fQ==@&#8221; border_radii=&#8221;on|5px|5px|5px|5px&#8221; border_width_all=&#8221;1px&#8221; border_color_all=&#8221;#E02B20&#8243; box_shadow_style=&#8221;preset3&#8243; global_colors_info=&#8221;{}&#8221;]<\/p>\n<p><\/p>\n<h3 style=\"text-align: center;\">See all Polls and Analyses<\/h3>\n<p><\/p>\n<p>[\/et_pb_text][\/et_pb_column][\/et_pb_row][\/et_pb_section]<\/p>","protected":false},"excerpt":{"rendered":"<p>WatchDog.md represents a think-tank civil society community from the Republic of Moldova. The community brings together experts in various fields of major importance, people with experience and qualifications to develop, [&hellip;]<\/p>\n","protected":false},"author":2,"featured_media":86,"parent":0,"menu_order":1,"comment_status":"closed","ping_status":"closed","template":"","meta":{"_et_pb_use_builder":"on","_et_pb_old_content":"","_et_gb_content_width":"","inline_featured_image":false,"footnotes":""},"class_list":["post-85","page","type-page","status-publish","has-post-thumbnail","hentry"],"_links":{"self":[{"href":"https:\/\/watchdog.md\/en\/wp-json\/wp\/v2\/pages\/85","targetHints":{"allow":["GET"]}}],"collection":[{"href":"https:\/\/watchdog.md\/en\/wp-json\/wp\/v2\/pages"}],"about":[{"href":"https:\/\/watchdog.md\/en\/wp-json\/wp\/v2\/types\/page"}],"author":[{"embeddable":true,"href":"https:\/\/watchdog.md\/en\/wp-json\/wp\/v2\/users\/2"}],"replies":[{"embeddable":true,"href":"https:\/\/watchdog.md\/en\/wp-json\/wp\/v2\/comments?post=85"}],"version-history":[{"count":0,"href":"https:\/\/watchdog.md\/en\/wp-json\/wp\/v2\/pages\/85\/revisions"}],"wp:featuredmedia":[{"embeddable":true,"href":"https:\/\/watchdog.md\/en\/wp-json\/wp\/v2\/media\/86"}],"wp:attachment":[{"href":"https:\/\/watchdog.md\/en\/wp-json\/wp\/v2\/media?parent=85"}],"curies":[{"name":"wp","href":"https:\/\/api.w.org\/{rel}","templated":true}]}}