{"id":206528,"date":"2023-06-05T08:50:41","date_gmt":"2023-06-05T05:50:41","guid":{"rendered":"https:\/\/dev.watchdog.md\/?page_id=206528"},"modified":"2026-02-05T09:58:14","modified_gmt":"2026-02-05T07:58:14","slug":"consiliul-de-administratie","status":"publish","type":"page","link":"https:\/\/watchdog.md\/en\/consiliul-de-administratie\/","title":{"rendered":"BOARD OF DIRECTORS"},"content":{"rendered":"<p><span style=\"font-weight: 400;\"><strong>Association Council:<\/strong> Ion Potlog, Ilie Cazac, Doina Dragomir.<\/span><\/p>\n<p><span style=\"font-weight: 400;\"><strong>Board of Observers:<\/strong> Oleg Bo\u021ban, Oazu Nantoi, Grigore Furtun\u0103, Valentina Rusu, Alexandru Machidon, Vitalie E\u0219anu, Victor Ciobanu, Sorin Ioni\u021b\u0103, Armand Go\u0219u.<\/span><\/p>\n<p><span style=\"font-weight: 400;\"><strong>Chairman of WatchDog.MD:<\/strong> Valeriu Pa\u015fa<\/span><\/p>\n<p><span style=\"font-weight: 400;\"><strong>Executive Director:<\/strong> C\u0103t\u0103lina Budurin<\/span><\/p>\n<p><span style=\"font-weight: 400;\"><strong>Censor:<\/strong> Sergiu Tofilat<\/span><\/p>","protected":false},"excerpt":{"rendered":"<p>Association Council: Ion Potlog, Ilie Cazac, Doina Dragomir. Board of Observers: Oleg Bo\u021ban, Oazu Nantoi, Grigore Furtun\u0103, Valentina Rusu, Alexandru Machidon, Vitalie E\u0219anu, Victor Ciobanu, Sorin Ioni\u021b\u0103, Armand Go\u0219u. Chairman of WatchDog.MD: Valeriu Pa\u015fa Executive Director: C\u0103t\u0103lina Budurin Censor: Sergiu Tofilat<\/p>\n","protected":false},"author":2,"featured_media":0,"parent":0,"menu_order":0,"comment_status":"closed","ping_status":"closed","template":"","meta":{"_et_pb_use_builder":"","_et_pb_old_content":"","_et_gb_content_width":"","inline_featured_image":false,"footnotes":""},"class_list":["post-206528","page","type-page","status-publish","hentry"],"_links":{"self":[{"href":"https:\/\/watchdog.md\/en\/wp-json\/wp\/v2\/pages\/206528","targetHints":{"allow":["GET"]}}],"collection":[{"href":"https:\/\/watchdog.md\/en\/wp-json\/wp\/v2\/pages"}],"about":[{"href":"https:\/\/watchdog.md\/en\/wp-json\/wp\/v2\/types\/page"}],"author":[{"embeddable":true,"href":"https:\/\/watchdog.md\/en\/wp-json\/wp\/v2\/users\/2"}],"replies":[{"embeddable":true,"href":"https:\/\/watchdog.md\/en\/wp-json\/wp\/v2\/comments?post=206528"}],"version-history":[{"count":0,"href":"https:\/\/watchdog.md\/en\/wp-json\/wp\/v2\/pages\/206528\/revisions"}],"wp:attachment":[{"href":"https:\/\/watchdog.md\/en\/wp-json\/wp\/v2\/media?parent=206528"}],"curies":[{"name":"wp","href":"https:\/\/api.w.org\/{rel}","templated":true}]}}